{"id":3,"date":"2025-09-10T14:10:31","date_gmt":"2025-09-10T14:10:31","guid":{"rendered":"http:\/\/www.cordonneriejean.fr\/cordonneriejean\/?page_id=3"},"modified":"2025-11-04T09:16:54","modified_gmt":"2025-11-04T08:16:54","slug":"mentions-legales","status":"publish","type":"page","link":"https:\/\/www.cordonneriejean.fr\/cordonneriejean\/mentions-legales\/","title":{"rendered":"Mentions L\u00e9gales"},"content":{"rendered":"\n<h2 class=\"wp-block-heading\">Mentions L\u00e9gales<\/h2>\n\n\n\n<p><strong>D\u00e9nomination sociale<\/strong> : Cordonnerie Jean<br><strong>Si\u00e8ge Social<\/strong>&nbsp;: Intermarch\u00e9 Lanveur, rue Alfred Dreyfus 56100 Lorient<br><strong>SIRET <\/strong>: 85182226400013<br><strong>Tel.<\/strong>&nbsp;: 02 97 83 00 63<br><strong>Email<\/strong>&nbsp;: cordo.jean56@gmail.com <br><strong>Responsable de la publication<\/strong>&nbsp;: Cordonnerie Jean<\/p>\n\n\n\n<p><strong>H\u00e9bergement du site<\/strong><br>SAS OVH, Siret 42476141900045<br>RCS Lille M\u00e9tropole 424 761 419 00045<br>Code APE 2620Z<br>N\u00b0 TVA : FR 22 424 761 419<br>Si\u00e8ge social : 2 rue Kellermann \u2013 59100 Roubaix \u2013 France<\/p>\n\n\n\n<p><strong>Donn\u00e9es personnelles<\/strong><br>Les donn\u00e9es personnelles collect\u00e9es via la demande de devis ne sont ni c\u00e9d\u00e9es, ni revendues \u00e0 des tiers. Elles sont uniquement utilis\u00e9es afin de faciliter les \u00e9changes entre la Cordonnerie Jean et les utilisateurs du site Cordonneriejean.fr<\/p>\n\n\n\n<p>Vous pouvez, \u00e0 tout moment, exercer votre d&rsquo;acc\u00e8s, de modification\/suppression de vos informations, conform\u00e9ment au\u00a0<strong>R\u00e8glement G\u00e9n\u00e9ral sur la Protection des Donn\u00e9es (RGPD \u2013 UE 2016\/679)<\/strong>, en envoyant un mail \u00e0 <a href=\"mailto:cordo.jean56@gmail.com\">contact@cordonneriejean.fr<\/a><\/p>\n\n\n\n<p><strong>Cr\u00e9dit m\u00e9dias<\/strong><br>Cr\u00e9dit photos, logos et textes sont la propri\u00e9t\u00e9 exclusive de Cordonnerie Jean<\/p>\n","protected":false},"excerpt":{"rendered":"<p>Mentions L\u00e9gales D\u00e9nomination sociale : Cordonnerie JeanSi\u00e8ge Social&nbsp;: Intermarch\u00e9 Lanveur, rue Alfred Dreyfus 56100 LorientSIRET : 85182226400013Tel.&nbsp;: 02 97 83 00 63Email&nbsp;: cordo.jean56@gmail.com Responsable de la publication&nbsp;: Cordonnerie Jean H\u00e9bergement du siteSAS OVH, Siret 42476141900045RCS Lille M\u00e9tropole 424 761 419 00045Code APE 2620ZN\u00b0 TVA : FR 22 424 761 419Si\u00e8ge social : 2 rue Kellermann&hellip; <br \/> <a class=\"button small blue\" href=\"https:\/\/www.cordonneriejean.fr\/cordonneriejean\/mentions-legales\/\">Lire la suite<\/a><\/p>\n","protected":false},"author":2,"featured_media":0,"parent":0,"menu_order":0,"comment_status":"closed","ping_status":"open","template":"page-templates\/homepage.php","meta":{"footnotes":""},"class_list":["post-3","page","type-page","status-publish","hentry"],"yoast_head":"<!-- This site is optimized with the Yoast SEO plugin v25.9 - https:\/\/yoast.com\/wordpress\/plugins\/seo\/ -->\n<title>Mentions L\u00e9gales - Cordonnerie Jean<\/title>\n<meta name=\"description\" content=\"Les donn\u00e9es personnelles collect\u00e9es via la demande de devis ne sont ni c\u00e9d\u00e9es, ni revendues \u00e0 des tiers. Elles sont uniquement utilis\u00e9es afin de faciliter les \u00e9changes entre la Cordonnerie Jean et les utilisateurs du site Cordonneriejean.fr\" \/>\n<meta name=\"robots\" content=\"index, follow, max-snippet:-1, max-image-preview:large, max-video-preview:-1\" \/>\n<link rel=\"canonical\" href=\"https:\/\/www.cordonneriejean.fr\/cordonneriejean\/mentions-legales\/\" \/>\n<meta property=\"og:locale\" content=\"fr_FR\" \/>\n<meta property=\"og:type\" content=\"article\" \/>\n<meta property=\"og:title\" content=\"Mentions L\u00e9gales - Cordonnerie Jean\" \/>\n<meta property=\"og:description\" content=\"Les donn\u00e9es personnelles collect\u00e9es via la demande de devis ne sont ni c\u00e9d\u00e9es, ni revendues \u00e0 des tiers. Elles sont uniquement utilis\u00e9es afin de faciliter les \u00e9changes entre la Cordonnerie Jean et les utilisateurs du site Cordonneriejean.fr\" \/>\n<meta property=\"og:url\" content=\"https:\/\/www.cordonneriejean.fr\/cordonneriejean\/mentions-legales\/\" \/>\n<meta property=\"og:site_name\" content=\"Cordonnerie Jean\" \/>\n<meta property=\"article:publisher\" content=\"https:\/\/www.facebook.com\/profile.php?id=100066925775331\" \/>\n<meta property=\"article:modified_time\" content=\"2025-11-04T08:16:54+00:00\" \/>\n<meta name=\"twitter:card\" content=\"summary_large_image\" \/>\n<meta name=\"twitter:label1\" content=\"Dur\u00e9e de lecture estim\u00e9e\" \/>\n\t<meta name=\"twitter:data1\" content=\"1 minute\" \/>\n<script type=\"application\/ld+json\" class=\"yoast-schema-graph\">{\"@context\":\"https:\/\/schema.org\",\"@graph\":[{\"@type\":\"WebPage\",\"@id\":\"https:\/\/www.cordonneriejean.fr\/cordonneriejean\/mentions-legales\/\",\"url\":\"https:\/\/www.cordonneriejean.fr\/cordonneriejean\/mentions-legales\/\",\"name\":\"Mentions L\u00e9gales - Cordonnerie Jean\",\"isPartOf\":{\"@id\":\"http:\/\/www.cordonneriejean.fr\/cordonneriejean\/#website\"},\"datePublished\":\"2025-09-10T14:10:31+00:00\",\"dateModified\":\"2025-11-04T08:16:54+00:00\",\"description\":\"Les donn\u00e9es personnelles collect\u00e9es via la demande de devis ne sont ni c\u00e9d\u00e9es, ni revendues \u00e0 des tiers. Elles sont uniquement utilis\u00e9es afin de faciliter les \u00e9changes entre la Cordonnerie Jean et les utilisateurs du site Cordonneriejean.fr\",\"breadcrumb\":{\"@id\":\"https:\/\/www.cordonneriejean.fr\/cordonneriejean\/mentions-legales\/#breadcrumb\"},\"inLanguage\":\"fr-FR\",\"potentialAction\":[{\"@type\":\"ReadAction\",\"target\":[\"https:\/\/www.cordonneriejean.fr\/cordonneriejean\/mentions-legales\/\"]}]},{\"@type\":\"BreadcrumbList\",\"@id\":\"https:\/\/www.cordonneriejean.fr\/cordonneriejean\/mentions-legales\/#breadcrumb\",\"itemListElement\":[{\"@type\":\"ListItem\",\"position\":1,\"name\":\"Accueil\",\"item\":\"http:\/\/www.cordonneriejean.fr\/cordonneriejean\/\"},{\"@type\":\"ListItem\",\"position\":2,\"name\":\"Mentions L\u00e9gales\"}]},{\"@type\":\"WebSite\",\"@id\":\"http:\/\/www.cordonneriejean.fr\/cordonneriejean\/#website\",\"url\":\"http:\/\/www.cordonneriejean.fr\/cordonneriejean\/\",\"name\":\"Cordonnerie Jean\",\"description\":\"Votre serrurier automobile et cordonnier \u00e0 Lorient\",\"publisher\":{\"@id\":\"http:\/\/www.cordonneriejean.fr\/cordonneriejean\/#organization\"},\"potentialAction\":[{\"@type\":\"SearchAction\",\"target\":{\"@type\":\"EntryPoint\",\"urlTemplate\":\"http:\/\/www.cordonneriejean.fr\/cordonneriejean\/?s={search_term_string}\"},\"query-input\":{\"@type\":\"PropertyValueSpecification\",\"valueRequired\":true,\"valueName\":\"search_term_string\"}}],\"inLanguage\":\"fr-FR\"},{\"@type\":\"Organization\",\"@id\":\"http:\/\/www.cordonneriejean.fr\/cordonneriejean\/#organization\",\"name\":\"Cordonnerie Jean\",\"url\":\"http:\/\/www.cordonneriejean.fr\/cordonneriejean\/\",\"logo\":{\"@type\":\"ImageObject\",\"inLanguage\":\"fr-FR\",\"@id\":\"http:\/\/www.cordonneriejean.fr\/cordonneriejean\/#\/schema\/logo\/image\/\",\"url\":\"https:\/\/www.cordonneriejean.fr\/cordonneriejean\/wp-content\/uploads\/2025\/09\/cropped-logo-cordo-blanc.png\",\"contentUrl\":\"https:\/\/www.cordonneriejean.fr\/cordonneriejean\/wp-content\/uploads\/2025\/09\/cropped-logo-cordo-blanc.png\",\"width\":1298,\"height\":356,\"caption\":\"Cordonnerie Jean\"},\"image\":{\"@id\":\"http:\/\/www.cordonneriejean.fr\/cordonneriejean\/#\/schema\/logo\/image\/\"},\"sameAs\":[\"https:\/\/www.facebook.com\/profile.php?id=100066925775331\"]}]}<\/script>\n<!-- \/ Yoast SEO plugin. -->","yoast_head_json":{"title":"Mentions L\u00e9gales - Cordonnerie Jean","description":"Les donn\u00e9es personnelles collect\u00e9es via la demande de devis ne sont ni c\u00e9d\u00e9es, ni revendues \u00e0 des tiers. Elles sont uniquement utilis\u00e9es afin de faciliter les \u00e9changes entre la Cordonnerie Jean et les utilisateurs du site Cordonneriejean.fr","robots":{"index":"index","follow":"follow","max-snippet":"max-snippet:-1","max-image-preview":"max-image-preview:large","max-video-preview":"max-video-preview:-1"},"canonical":"https:\/\/www.cordonneriejean.fr\/cordonneriejean\/mentions-legales\/","og_locale":"fr_FR","og_type":"article","og_title":"Mentions L\u00e9gales - Cordonnerie Jean","og_description":"Les donn\u00e9es personnelles collect\u00e9es via la demande de devis ne sont ni c\u00e9d\u00e9es, ni revendues \u00e0 des tiers. Elles sont uniquement utilis\u00e9es afin de faciliter les \u00e9changes entre la Cordonnerie Jean et les utilisateurs du site Cordonneriejean.fr","og_url":"https:\/\/www.cordonneriejean.fr\/cordonneriejean\/mentions-legales\/","og_site_name":"Cordonnerie Jean","article_publisher":"https:\/\/www.facebook.com\/profile.php?id=100066925775331","article_modified_time":"2025-11-04T08:16:54+00:00","twitter_card":"summary_large_image","twitter_misc":{"Dur\u00e9e de lecture estim\u00e9e":"1 minute"},"schema":{"@context":"https:\/\/schema.org","@graph":[{"@type":"WebPage","@id":"https:\/\/www.cordonneriejean.fr\/cordonneriejean\/mentions-legales\/","url":"https:\/\/www.cordonneriejean.fr\/cordonneriejean\/mentions-legales\/","name":"Mentions L\u00e9gales - Cordonnerie Jean","isPartOf":{"@id":"http:\/\/www.cordonneriejean.fr\/cordonneriejean\/#website"},"datePublished":"2025-09-10T14:10:31+00:00","dateModified":"2025-11-04T08:16:54+00:00","description":"Les donn\u00e9es personnelles collect\u00e9es via la demande de devis ne sont ni c\u00e9d\u00e9es, ni revendues \u00e0 des tiers. Elles sont uniquement utilis\u00e9es afin de faciliter les \u00e9changes entre la Cordonnerie Jean et les utilisateurs du site Cordonneriejean.fr","breadcrumb":{"@id":"https:\/\/www.cordonneriejean.fr\/cordonneriejean\/mentions-legales\/#breadcrumb"},"inLanguage":"fr-FR","potentialAction":[{"@type":"ReadAction","target":["https:\/\/www.cordonneriejean.fr\/cordonneriejean\/mentions-legales\/"]}]},{"@type":"BreadcrumbList","@id":"https:\/\/www.cordonneriejean.fr\/cordonneriejean\/mentions-legales\/#breadcrumb","itemListElement":[{"@type":"ListItem","position":1,"name":"Accueil","item":"http:\/\/www.cordonneriejean.fr\/cordonneriejean\/"},{"@type":"ListItem","position":2,"name":"Mentions L\u00e9gales"}]},{"@type":"WebSite","@id":"http:\/\/www.cordonneriejean.fr\/cordonneriejean\/#website","url":"http:\/\/www.cordonneriejean.fr\/cordonneriejean\/","name":"Cordonnerie Jean","description":"Votre serrurier automobile et cordonnier \u00e0 Lorient","publisher":{"@id":"http:\/\/www.cordonneriejean.fr\/cordonneriejean\/#organization"},"potentialAction":[{"@type":"SearchAction","target":{"@type":"EntryPoint","urlTemplate":"http:\/\/www.cordonneriejean.fr\/cordonneriejean\/?s={search_term_string}"},"query-input":{"@type":"PropertyValueSpecification","valueRequired":true,"valueName":"search_term_string"}}],"inLanguage":"fr-FR"},{"@type":"Organization","@id":"http:\/\/www.cordonneriejean.fr\/cordonneriejean\/#organization","name":"Cordonnerie Jean","url":"http:\/\/www.cordonneriejean.fr\/cordonneriejean\/","logo":{"@type":"ImageObject","inLanguage":"fr-FR","@id":"http:\/\/www.cordonneriejean.fr\/cordonneriejean\/#\/schema\/logo\/image\/","url":"https:\/\/www.cordonneriejean.fr\/cordonneriejean\/wp-content\/uploads\/2025\/09\/cropped-logo-cordo-blanc.png","contentUrl":"https:\/\/www.cordonneriejean.fr\/cordonneriejean\/wp-content\/uploads\/2025\/09\/cropped-logo-cordo-blanc.png","width":1298,"height":356,"caption":"Cordonnerie Jean"},"image":{"@id":"http:\/\/www.cordonneriejean.fr\/cordonneriejean\/#\/schema\/logo\/image\/"},"sameAs":["https:\/\/www.facebook.com\/profile.php?id=100066925775331"]}]}},"_links":{"self":[{"href":"https:\/\/www.cordonneriejean.fr\/cordonneriejean\/wp-json\/wp\/v2\/pages\/3","targetHints":{"allow":["GET"]}}],"collection":[{"href":"https:\/\/www.cordonneriejean.fr\/cordonneriejean\/wp-json\/wp\/v2\/pages"}],"about":[{"href":"https:\/\/www.cordonneriejean.fr\/cordonneriejean\/wp-json\/wp\/v2\/types\/page"}],"author":[{"embeddable":true,"href":"https:\/\/www.cordonneriejean.fr\/cordonneriejean\/wp-json\/wp\/v2\/users\/2"}],"replies":[{"embeddable":true,"href":"https:\/\/www.cordonneriejean.fr\/cordonneriejean\/wp-json\/wp\/v2\/comments?post=3"}],"version-history":[{"count":6,"href":"https:\/\/www.cordonneriejean.fr\/cordonneriejean\/wp-json\/wp\/v2\/pages\/3\/revisions"}],"predecessor-version":[{"id":156,"href":"https:\/\/www.cordonneriejean.fr\/cordonneriejean\/wp-json\/wp\/v2\/pages\/3\/revisions\/156"}],"wp:attachment":[{"href":"https:\/\/www.cordonneriejean.fr\/cordonneriejean\/wp-json\/wp\/v2\/media?parent=3"}],"curies":[{"name":"wp","href":"https:\/\/api.w.org\/{rel}","templated":true}]}}